{"id":23,"date":"2021-05-19T13:01:45","date_gmt":"2021-05-19T13:01:45","guid":{"rendered":"https:\/\/gyoriallasok.hu\/?page_id=23"},"modified":"2021-05-19T13:01:45","modified_gmt":"2021-05-19T13:01:45","slug":"rolunk","status":"publish","type":"page","link":"https:\/\/gyoriallasok.hu\/index.php\/rolunk\/","title":{"rendered":"R\u00f3lunk"},"content":{"rendered":"\n<p>Egy m\u0171v\u00e9szember itt is bemutathatja mag\u00e1t, a munk\u00e1it, vagy egy \u00fczletember a a v\u00e1llalkoz\u00e1s\u00e1t, k\u00fcldet\u00e9s\u00e9t \u00edrhatja ide.<\/p>\n","protected":false},"excerpt":{"rendered":"<p>Egy m\u0171v\u00e9szember itt is bemutathatja mag\u00e1t, a munk\u00e1it, vagy egy \u00fczletember a a v\u00e1llalkoz\u00e1s\u00e1t, k\u00fcldet\u00e9s\u00e9t \u00edrhatja ide.<\/p>\n","protected":false},"author":2,"featured_media":0,"parent":0,"menu_order":0,"comment_status":"closed","ping_status":"closed","template":"","meta":[],"_links":{"self":[{"href":"https:\/\/gyoriallasok.hu\/index.php\/wp-json\/wp\/v2\/pages\/23"}],"collection":[{"href":"https:\/\/gyoriallasok.hu\/index.php\/wp-json\/wp\/v2\/pages"}],"about":[{"href":"https:\/\/gyoriallasok.hu\/index.php\/wp-json\/wp\/v2\/types\/page"}],"author":[{"embeddable":true,"href":"https:\/\/gyoriallasok.hu\/index.php\/wp-json\/wp\/v2\/users\/2"}],"replies":[{"embeddable":true,"href":"https:\/\/gyoriallasok.hu\/index.php\/wp-json\/wp\/v2\/comments?post=23"}],"version-history":[{"count":1,"href":"https:\/\/gyoriallasok.hu\/index.php\/wp-json\/wp\/v2\/pages\/23\/revisions"}],"predecessor-version":[{"id":28,"href":"https:\/\/gyoriallasok.hu\/index.php\/wp-json\/wp\/v2\/pages\/23\/revisions\/28"}],"wp:attachment":[{"href":"https:\/\/gyoriallasok.hu\/index.php\/wp-json\/wp\/v2\/media?parent=23"}],"curies":[{"name":"wp","href":"https:\/\/api.w.org\/{rel}","templated":true}]}}